{"id":663,"date":"2022-04-05T16:11:52","date_gmt":"2022-04-05T16:11:52","guid":{"rendered":"https:\/\/geolibres.org.ar\/dev\/?page_id=663"},"modified":"2022-04-11T20:44:38","modified_gmt":"2022-04-11T20:44:38","slug":"codigo-de-conducta","status":"publish","type":"page","link":"https:\/\/geolibres.org.ar\/dev\/codigo-de-conducta\/","title":{"rendered":"C\u00f3digo de Conducta"},"content":{"rendered":"\t\t<div data-elementor-type=\"wp-page\" data-elementor-id=\"663\" class=\"elementor elementor-663\">\n\t\t\t\t\t\t<section class=\"elementor-section elementor-top-section elementor-element elementor-element-2c5a0eb8 elementor-section-content-middle elementor-section-boxed elementor-section-height-default elementor-section-height-default\" data-id=\"2c5a0eb8\" data-element_type=\"section\" data-e-type=\"section\">\n\t\t\t\t\t\t<div class=\"elementor-container elementor-column-gap-no\">\n\t\t\t\t\t<div class=\"elementor-column elementor-col-50 elementor-top-column elementor-element elementor-element-2bf2fe6b\" data-id=\"2bf2fe6b\" data-element_type=\"column\" data-e-type=\"column\">\n\t\t\t<div class=\"elementor-widget-wrap elementor-element-populated\">\n\t\t\t\t\t\t<div class=\"elementor-element elementor-element-42fdd1f0 elementor-widget-divider--view-line elementor-widget elementor-widget-divider\" data-id=\"42fdd1f0\" data-element_type=\"widget\" data-e-type=\"widget\" data-widget_type=\"divider.default\">\n\t\t\t\t<div class=\"elementor-widget-container\">\n\t\t\t\t\t\t\t<div class=\"elementor-divider\">\n\t\t\t<span class=\"elementor-divider-separator\">\n\t\t\t\t\t\t<\/span>\n\t\t<\/div>\n\t\t\t\t\t\t<\/div>\n\t\t\t\t<\/div>\n\t\t\t\t<div class=\"elementor-element elementor-element-71b12bdf elementor-widget elementor-widget-heading\" data-id=\"71b12bdf\" data-element_type=\"widget\" data-e-type=\"widget\" data-widget_type=\"heading.default\">\n\t\t\t\t<div class=\"elementor-widget-container\">\n\t\t\t\t\t<h4 class=\"elementor-heading-title elementor-size-default\">acerca del c\u00f3digo de conducta<\/h4>\t\t\t\t<\/div>\n\t\t\t\t<\/div>\n\t\t\t\t\t<\/div>\n\t\t<\/div>\n\t\t\t\t<div class=\"elementor-column elementor-col-50 elementor-top-column elementor-element elementor-element-c247391\" data-id=\"c247391\" data-element_type=\"column\" data-e-type=\"column\">\n\t\t\t<div class=\"elementor-widget-wrap elementor-element-populated\">\n\t\t\t\t\t\t<div class=\"elementor-element elementor-element-27bb80d5 elementor-widget elementor-widget-text-editor\" data-id=\"27bb80d5\" data-element_type=\"widget\" data-e-type=\"widget\" data-widget_type=\"text-editor.default\">\n\t\t\t\t<div class=\"elementor-widget-container\">\n\t\t\t\t\t\t\t\t\t<p>C\u00f3digo de conducta para asociados:\u00a0<\/p><p>La Asociaci\u00f3n Civil Geolibres busca fomentar la libre de discriminaci\u00f3n de cualquier tipo y brindar un espacio de intercambio de experiencias sin importar g\u00e9nero, orientaci\u00f3n sexual, discapacidad, apariencia f\u00edsica, tama\u00f1o corporal, raza o religi\u00f3n.<\/p><p>Seg\u00fan el estatuto de\u00a0 Geolibres:<\/p><p><strong style=\"font-style: inherit; background-color: var( --e-global-color-astglobalcolor5 );\">ARTICULO 8\u00ba<\/strong><span style=\"font-style: inherit; font-weight: inherit; background-color: var( --e-global-color-astglobalcolor5 );\">: La Comisi\u00f3n Directiva podr\u00e1 aplicar a los asociados las siguientes sanciones:\u00a0<\/span><\/p><ol><li>Amonestaci\u00f3n;<\/li><li>\u00a0Suspensi\u00f3n, cuyo plazo m\u00e1ximo no podr\u00e1 exceder de un a\u00f1o;<\/li><li>\u00a0Expulsi\u00f3n.<\/li><\/ol><p>Las sanciones se graduar\u00e1n de acuerdo a la gravedad de la falta y a las circunstancias del caso, por las siguientes causas:<\/p><ol><li style=\"list-style-type: none;\"><ol><li>\u00a0Incumplimiento de las obligaciones impuestas por el estatuto, reglamento o resoluciones de las Asambleas y de la Comisi\u00f3n Directiva;<\/li><li>\u00a0Inconducta notoria;<\/li><li>Hacer voluntariamente da\u00f1o a la Asociaci\u00f3n, provocar des\u00f3rdenes graves en su seno u observar una conducta que sea notoriamente perjudicial a los intereses sociales.<\/li><\/ol><\/li><\/ol><p><strong style=\"font-style: inherit; background-color: var( --e-global-color-astglobalcolor5 );\">ARTICULO 9\u00ba:<\/strong><span style=\"font-style: inherit; font-weight: inherit; background-color: var( --e-global-color-astglobalcolor5 );\"> Las sanciones disciplinarias a que se refiere el art\u00edculo anterior ser\u00e1n resueltas por la Comisi\u00f3n Directiva, previa defensa del inculpado. En todos los casos, el afectado podr\u00e1 interponer, dentro del t\u00e9rmino de treinta d\u00edas de notificado de la sanci\u00f3n, el recurso de apelaci\u00f3n por ante la primera Asamblea que se celebre. La interposici\u00f3n del recurso tendr\u00e1 efecto suspensivo.<\/span><\/p>\t\t\t\t\t\t\t\t<\/div>\n\t\t\t\t<\/div>\n\t\t\t\t\t<\/div>\n\t\t<\/div>\n\t\t\t\t\t<\/div>\n\t\t<\/section>\n\t\t\t\t<\/div>\n\t\t","protected":false},"excerpt":{"rendered":"<p>acerca del c\u00f3digo de conducta C\u00f3digo de conducta para asociados:\u00a0 La Asociaci\u00f3n Civil Geolibres busca fomentar la libre de discriminaci\u00f3n de cualquier tipo y brindar un espacio de intercambio de experiencias sin importar g\u00e9nero, orientaci\u00f3n sexual, discapacidad, apariencia f\u00edsica, tama\u00f1o corporal, raza o religi\u00f3n. Seg\u00fan el estatuto de\u00a0 Geolibres: ARTICULO 8\u00ba: La Comisi\u00f3n Directiva podr\u00e1 [&hellip;]<\/p>\n","protected":false},"author":3,"featured_media":0,"parent":0,"menu_order":0,"comment_status":"closed","ping_status":"closed","template":"","meta":{"site-sidebar-layout":"no-sidebar","site-content-layout":"page-builder","ast-site-content-layout":"default","site-content-style":"default","site-sidebar-style":"default","ast-global-header-display":"","ast-banner-title-visibility":"","ast-main-header-display":"","ast-hfb-above-header-display":"","ast-hfb-below-header-display":"","ast-hfb-mobile-header-display":"","site-post-title":"disabled","ast-breadcrumbs-content":"","ast-featured-img":"disabled","footer-sml-layout":"","ast-disable-related-posts":"","theme-transparent-header-meta":"","adv-header-id-meta":"","stick-header-meta":"","header-above-stick-meta":"","header-main-stick-meta":"","header-below-stick-meta":"","astra-migrate-meta-layouts":"default","ast-page-background-enabled":"default","ast-page-background-meta":{"desktop":{"background-color":"var(--ast-global-color-4)","background-image":"","background-repeat":"repeat","background-position":"center center","background-size":"auto","background-attachment":"scroll","background-type":"","background-media":"","overlay-type":"","overlay-color":"","overlay-opacity":"","overlay-gradient":""},"tablet":{"background-color":"","background-image":"","background-repeat":"repeat","background-position":"center center","background-size":"auto","background-attachment":"scroll","background-type":"","background-media":"","overlay-type":"","overlay-color":"","overlay-opacity":"","overlay-gradient":""},"mobile":{"background-color":"","background-image":"","background-repeat":"repeat","background-position":"center center","background-size":"auto","background-attachment":"scroll","background-type":"","background-media":"","overlay-type":"","overlay-color":"","overlay-opacity":"","overlay-gradient":""}},"ast-content-background-meta":{"desktop":{"background-color":"var(--ast-global-color-5)","background-image":"","background-repeat":"repeat","background-position":"center center","background-size":"auto","background-attachment":"scroll","background-type":"","background-media":"","overlay-type":"","overlay-color":"","overlay-opacity":"","overlay-gradient":""},"tablet":{"background-color":"var(--ast-global-color-5)","background-image":"","background-repeat":"repeat","background-position":"center center","background-size":"auto","background-attachment":"scroll","background-type":"","background-media":"","overlay-type":"","overlay-color":"","overlay-opacity":"","overlay-gradient":""},"mobile":{"background-color":"var(--ast-global-color-5)","background-image":"","background-repeat":"repeat","background-position":"center center","background-size":"auto","background-attachment":"scroll","background-type":"","background-media":"","overlay-type":"","overlay-color":"","overlay-opacity":"","overlay-gradient":""}},"footnotes":""},"class_list":["post-663","page","type-page","status-publish","hentry"],"_links":{"self":[{"href":"https:\/\/geolibres.org.ar\/dev\/wp-json\/wp\/v2\/pages\/663","targetHints":{"allow":["GET"]}}],"collection":[{"href":"https:\/\/geolibres.org.ar\/dev\/wp-json\/wp\/v2\/pages"}],"about":[{"href":"https:\/\/geolibres.org.ar\/dev\/wp-json\/wp\/v2\/types\/page"}],"author":[{"embeddable":true,"href":"https:\/\/geolibres.org.ar\/dev\/wp-json\/wp\/v2\/users\/3"}],"replies":[{"embeddable":true,"href":"https:\/\/geolibres.org.ar\/dev\/wp-json\/wp\/v2\/comments?post=663"}],"version-history":[{"count":26,"href":"https:\/\/geolibres.org.ar\/dev\/wp-json\/wp\/v2\/pages\/663\/revisions"}],"predecessor-version":[{"id":917,"href":"https:\/\/geolibres.org.ar\/dev\/wp-json\/wp\/v2\/pages\/663\/revisions\/917"}],"wp:attachment":[{"href":"https:\/\/geolibres.org.ar\/dev\/wp-json\/wp\/v2\/media?parent=663"}],"curies":[{"name":"wp","href":"https:\/\/api.w.org\/{rel}","templated":true}]}}